{"id":21,"date":"2022-12-30T15:27:39","date_gmt":"2022-12-30T15:27:39","guid":{"rendered":"https:\/\/www.rogersound.fi\/?page_id=21"},"modified":"2023-07-25T07:23:34","modified_gmt":"2023-07-25T07:23:34","slug":"aanentoistopalvelut","status":"publish","type":"page","link":"https:\/\/www.rogersound.fi\/?page_id=21","title":{"rendered":"\u00c4\u00e4nentoistopalvelut"},"content":{"rendered":"\t\t<div data-elementor-type=\"wp-page\" data-elementor-id=\"21\" class=\"elementor elementor-21\">\n\t\t\t\t\t\t<section class=\"elementor-section elementor-top-section elementor-element elementor-element-c685502 elementor-section-boxed elementor-section-height-default elementor-section-height-default\" data-id=\"c685502\" data-element_type=\"section\">\n\t\t\t\t\t\t<div class=\"elementor-container elementor-column-gap-default\">\n\t\t\t\t\t<div class=\"elementor-column elementor-col-100 elementor-top-column elementor-element elementor-element-06fb9ba\" data-id=\"06fb9ba\" data-element_type=\"column\">\n\t\t\t<div class=\"elementor-widget-wrap elementor-element-populated\">\n\t\t\t\t\t\t<div class=\"elementor-element elementor-element-d53d601 elementor-widget elementor-widget-text-editor\" data-id=\"d53d601\" data-element_type=\"widget\" data-widget_type=\"text-editor.default\">\n\t\t\t\t<div class=\"elementor-widget-container\">\n\t\t\t\t\t\t\t\t\t<p><span style=\"font-weight: 400;\">Rogersoundilta saat kokonaisvaltaiset \u00e4\u00e4nentoisto- ja valaistusratkaisut tapahtumaasi, oli kyseess\u00e4 sitten seminaari, yritystapahtuma, klubikeikka tai ulkoilmakonsertti. Ammattitaitoiset teknikot huolehtivat toteutuksen suunnittelusta, laitteiden asennuksesta ja purkamisesta sek\u00e4 laitteiden k\u00e4yt\u00f6st\u00e4 tilaisuuden aikana.<\/span><\/p><p><span style=\"font-weight: 400;\">Pyyd\u00e4 tarjous tapahtumatekniikasta:<\/span><\/p><p>t<span style=\"font-weight: 400;\">el.<\/span>\u00a0050 558 6838, email: <a href=\"mailto:myynti@rogersound.fi\">myynti@rogersound.fi<\/a><\/p><p><span style=\"font-weight: 400;\">K\u00e4yt\u00f6ss\u00e4mme on alan tunnetut ja laadukkaat tuotemerkit (dB Technologies, Sennheiser, Shure jne.). <\/span><span style=\"font-weight: 400;\">Pieniss\u00e4 tilaisuuksissa puhe\u00e4\u00e4nentoistoon riitt\u00e4\u00e4 usein yksikin oikein aseteltu aktiivikaiutin ja mikrofoni, mutta isoissa tiloissa ja ulkotiloissa tarvitaankin jo v\u00e4h\u00e4n enemm\u00e4n. <\/span><span style=\"font-weight: 400;\">Opastamme mielell\u00e4mme Teit\u00e4 asianmukaisen ratkaisun l\u00f6yt\u00e4miseen kaivatessanne toimivaa\u00a0 ja laadukasta \u00e4\u00e4nentoistoa.<\/span><\/p><h4><span style=\"font-weight: 400;\">Alla osa k\u00e4ytett\u00e4viss\u00e4 olevasta laitteistosta<\/span><\/h4><p><strong>Suuret yleis\u00f6tilaisuudet<\/strong><\/p><p><span style=\"font-weight: 400;\">&#8211; dB Technologies DVA K5 linearray x 8<br \/><\/span><span style=\"font-weight: 400;\">&#8211; dB Technologies <\/span>DVA KS10 sub x 4<br \/><span style=\"font-weight: 400;\">&#8211; dB Technologies LVX XM15 monitor x 4<br \/><\/span><span style=\"font-weight: 400;\">&#8211; dB Technologies LVX XM12 monitor x 4<br \/>&#8211; Behringer x32 digital mixer<\/span><\/p><p><span style=\"font-weight: 400;\"><img fetchpriority=\"high\" decoding=\"async\" class=\"alignnone size-medium wp-image-94\" src=\"http:\/\/www.rogersound.fi\/wp-content\/uploads\/2022\/12\/dB_DVA_K5-300x187.jpg\" alt=\"\" width=\"300\" height=\"187\" srcset=\"https:\/\/www.rogersound.fi\/wp-content\/uploads\/2022\/12\/dB_DVA_K5-300x187.jpg 300w, https:\/\/www.rogersound.fi\/wp-content\/uploads\/2022\/12\/dB_DVA_K5-1024x637.jpg 1024w, https:\/\/www.rogersound.fi\/wp-content\/uploads\/2022\/12\/dB_DVA_K5-768x478.jpg 768w, https:\/\/www.rogersound.fi\/wp-content\/uploads\/2022\/12\/dB_DVA_K5.jpg 1318w\" sizes=\"(max-width: 300px) 100vw, 300px\" \/><img decoding=\"async\" class=\"alignnone wp-image-93 size-medium\" src=\"http:\/\/www.rogersound.fi\/wp-content\/uploads\/2022\/12\/DVA-KS10-threefourths-top-dbtechnologies-23052016-e1672499103359-300x276.jpg\" alt=\"\" width=\"300\" height=\"276\" srcset=\"https:\/\/www.rogersound.fi\/wp-content\/uploads\/2022\/12\/DVA-KS10-threefourths-top-dbtechnologies-23052016-e1672499103359-300x276.jpg 300w, https:\/\/www.rogersound.fi\/wp-content\/uploads\/2022\/12\/DVA-KS10-threefourths-top-dbtechnologies-23052016-e1672499103359-1024x941.jpg 1024w, https:\/\/www.rogersound.fi\/wp-content\/uploads\/2022\/12\/DVA-KS10-threefourths-top-dbtechnologies-23052016-e1672499103359-768x706.jpg 768w, https:\/\/www.rogersound.fi\/wp-content\/uploads\/2022\/12\/DVA-KS10-threefourths-top-dbtechnologies-23052016-e1672499103359.jpg 1519w\" sizes=\"(max-width: 300px) 100vw, 300px\" \/> <img decoding=\"async\" class=\"alignnone size-medium wp-image-97\" src=\"http:\/\/www.rogersound.fi\/wp-content\/uploads\/2022\/12\/LVX_XM15_threefourths_right-dbtechnologies-23052016-300x216.jpg\" alt=\"\" width=\"300\" height=\"216\" srcset=\"https:\/\/www.rogersound.fi\/wp-content\/uploads\/2022\/12\/LVX_XM15_threefourths_right-dbtechnologies-23052016-300x216.jpg 300w, https:\/\/www.rogersound.fi\/wp-content\/uploads\/2022\/12\/LVX_XM15_threefourths_right-dbtechnologies-23052016-1024x738.jpg 1024w, https:\/\/www.rogersound.fi\/wp-content\/uploads\/2022\/12\/LVX_XM15_threefourths_right-dbtechnologies-23052016-768x554.jpg 768w, https:\/\/www.rogersound.fi\/wp-content\/uploads\/2022\/12\/LVX_XM15_threefourths_right-dbtechnologies-23052016-1536x1108.jpg 1536w, https:\/\/www.rogersound.fi\/wp-content\/uploads\/2022\/12\/LVX_XM15_threefourths_right-dbtechnologies-23052016.jpg 1599w\" sizes=\"(max-width: 300px) 100vw, 300px\" \/><img loading=\"lazy\" decoding=\"async\" class=\"alignnone size-medium wp-image-260\" src=\"http:\/\/www.rogersound.fi\/wp-content\/uploads\/2023\/01\/x32-300x185.jpg\" alt=\"\" width=\"300\" height=\"185\" srcset=\"https:\/\/www.rogersound.fi\/wp-content\/uploads\/2023\/01\/x32-300x185.jpg 300w, https:\/\/www.rogersound.fi\/wp-content\/uploads\/2023\/01\/x32-1024x632.jpg 1024w, https:\/\/www.rogersound.fi\/wp-content\/uploads\/2023\/01\/x32-768x474.jpg 768w, https:\/\/www.rogersound.fi\/wp-content\/uploads\/2023\/01\/x32.jpg 1244w\" sizes=\"(max-width: 300px) 100vw, 300px\" \/>\u00a0<\/span><\/p><p><strong>Keskisuuret yleis\u00f6tilaisuudet<\/strong><\/p><p>&#8211; FBT X-sub 115SA x 2<br \/>&#8211; FBT X-Lite 112A x 2<br \/><span style=\"font-weight: 400;\">&#8211; dB Technologies LVX XM12 monitor x 4<\/span><br \/>&#8211; Behringer X Air XR18 mixer<\/p><p><img loading=\"lazy\" decoding=\"async\" class=\"alignnone size-medium wp-image-251\" src=\"http:\/\/www.rogersound.fi\/wp-content\/uploads\/2023\/01\/fbt_xlite-197x300.jpg\" alt=\"\" width=\"197\" height=\"300\" srcset=\"https:\/\/www.rogersound.fi\/wp-content\/uploads\/2023\/01\/fbt_xlite-197x300.jpg 197w, https:\/\/www.rogersound.fi\/wp-content\/uploads\/2023\/01\/fbt_xlite.jpg 524w\" sizes=\"(max-width: 197px) 100vw, 197px\" \/> <img loading=\"lazy\" decoding=\"async\" class=\"alignnone size-medium wp-image-252\" src=\"http:\/\/www.rogersound.fi\/wp-content\/uploads\/2023\/01\/fbt_sub-276x300.jpg\" alt=\"\" width=\"276\" height=\"300\" srcset=\"https:\/\/www.rogersound.fi\/wp-content\/uploads\/2023\/01\/fbt_sub-276x300.jpg 276w, https:\/\/www.rogersound.fi\/wp-content\/uploads\/2023\/01\/fbt_sub.jpg 738w\" sizes=\"(max-width: 276px) 100vw, 276px\" \/> <img loading=\"lazy\" decoding=\"async\" class=\"alignnone size-medium wp-image-253\" src=\"http:\/\/www.rogersound.fi\/wp-content\/uploads\/2023\/01\/xair-300x179.jpg\" alt=\"\" width=\"300\" height=\"179\" srcset=\"https:\/\/www.rogersound.fi\/wp-content\/uploads\/2023\/01\/xair-300x179.jpg 300w, https:\/\/www.rogersound.fi\/wp-content\/uploads\/2023\/01\/xair-1024x612.jpg 1024w, https:\/\/www.rogersound.fi\/wp-content\/uploads\/2023\/01\/xair-768x459.jpg 768w, https:\/\/www.rogersound.fi\/wp-content\/uploads\/2023\/01\/xair.jpg 1386w\" sizes=\"(max-width: 300px) 100vw, 300px\" \/><\/p><p><strong>Pienet yleis\u00f6tilaisuudet<\/strong><\/p><p><span style=\"font-weight: 400;\">&#8211; dB Technologies ES 602 x 2<br \/><\/span><span style=\"font-weight: 400;\">&#8211; Yamaha MG10 XU<\/span><\/p><p><img loading=\"lazy\" decoding=\"async\" class=\"alignnone size-medium wp-image-267\" src=\"http:\/\/www.rogersound.fi\/wp-content\/uploads\/2023\/01\/yamaha_mg10-300x246.jpg\" alt=\"\" width=\"300\" height=\"246\" srcset=\"https:\/\/www.rogersound.fi\/wp-content\/uploads\/2023\/01\/yamaha_mg10-300x246.jpg 300w, https:\/\/www.rogersound.fi\/wp-content\/uploads\/2023\/01\/yamaha_mg10-1024x840.jpg 1024w, https:\/\/www.rogersound.fi\/wp-content\/uploads\/2023\/01\/yamaha_mg10-768x630.jpg 768w, https:\/\/www.rogersound.fi\/wp-content\/uploads\/2023\/01\/yamaha_mg10.jpg 1033w\" sizes=\"(max-width: 300px) 100vw, 300px\" \/> <img loading=\"lazy\" decoding=\"async\" class=\"alignnone size-medium wp-image-268\" src=\"http:\/\/www.rogersound.fi\/wp-content\/uploads\/2023\/01\/dB_ES602-79x300.jpg\" alt=\"\" width=\"79\" height=\"300\" srcset=\"https:\/\/www.rogersound.fi\/wp-content\/uploads\/2023\/01\/dB_ES602-79x300.jpg 79w, https:\/\/www.rogersound.fi\/wp-content\/uploads\/2023\/01\/dB_ES602.jpg 222w\" sizes=\"(max-width: 79px) 100vw, 79px\" \/><\/p><p>\u00a0<\/p><h4><span style=\"font-weight: 400;\">Muu vuokraus<\/span><\/h4><p><strong>Backline:<\/strong><\/p><p><span style=\"font-weight: 400;\">&#8211; Vox AC30 vm 1963 kitaravahvistin<br \/><\/span><span style=\"font-weight: 400;\">&#8211; Fender Quad Reverb vm 1972 kitaravahvistin<br \/><\/span><span style=\"font-weight: 400;\">&#8211; Roland Jazz Chorus 55 kitaravahvistin<br \/>&#8211; Markbass MB58R CMD 102 Pure bassokomuutti<\/span><\/p><p><img loading=\"lazy\" decoding=\"async\" class=\"alignnone size-medium wp-image-121\" src=\"http:\/\/www.rogersound.fi\/wp-content\/uploads\/2022\/12\/Vox_AC30-300x295.jpg\" alt=\"\" width=\"300\" height=\"295\" srcset=\"https:\/\/www.rogersound.fi\/wp-content\/uploads\/2022\/12\/Vox_AC30-300x295.jpg 300w, https:\/\/www.rogersound.fi\/wp-content\/uploads\/2022\/12\/Vox_AC30-768x755.jpg 768w, https:\/\/www.rogersound.fi\/wp-content\/uploads\/2022\/12\/Vox_AC30.jpg 852w\" sizes=\"(max-width: 300px) 100vw, 300px\" \/><img loading=\"lazy\" decoding=\"async\" class=\"alignnone size-medium wp-image-120\" src=\"http:\/\/www.rogersound.fi\/wp-content\/uploads\/2022\/12\/Fender_Quad_Reverb-267x300.jpg\" alt=\"\" width=\"267\" height=\"300\" srcset=\"https:\/\/www.rogersound.fi\/wp-content\/uploads\/2022\/12\/Fender_Quad_Reverb-267x300.jpg 267w, https:\/\/www.rogersound.fi\/wp-content\/uploads\/2022\/12\/Fender_Quad_Reverb.jpg 445w\" sizes=\"(max-width: 267px) 100vw, 267px\" \/><img loading=\"lazy\" decoding=\"async\" class=\"alignnone size-medium wp-image-119\" src=\"http:\/\/www.rogersound.fi\/wp-content\/uploads\/2022\/12\/JC-55-300x300.jpg\" alt=\"\" width=\"300\" height=\"300\" srcset=\"https:\/\/www.rogersound.fi\/wp-content\/uploads\/2022\/12\/JC-55-300x300.jpg 300w, https:\/\/www.rogersound.fi\/wp-content\/uploads\/2022\/12\/JC-55-1024x1024.jpg 1024w, https:\/\/www.rogersound.fi\/wp-content\/uploads\/2022\/12\/JC-55-150x150.jpg 150w, https:\/\/www.rogersound.fi\/wp-content\/uploads\/2022\/12\/JC-55-768x768.jpg 768w, https:\/\/www.rogersound.fi\/wp-content\/uploads\/2022\/12\/JC-55-1536x1536.jpg 1536w, https:\/\/www.rogersound.fi\/wp-content\/uploads\/2022\/12\/JC-55.jpg 1600w\" sizes=\"(max-width: 300px) 100vw, 300px\" \/> \u00a0<\/p><p><strong>Vuokrattavissa my\u00f6s<\/strong><\/p><p><span style=\"font-weight: 400;\">&#8211; Mercedes-Benz Sprinter 3.5-T umpikori 313 CDI (3+3, b-kortti, tavaratilan pituus 2.75 m, vm. 2016)<br \/><\/span><span style=\"font-weight: 400;\">&#8211; Ford Anglia vm. 1965 &#8221;H\u00e4\u00e4auto&#8221;<\/span><\/p><p>\u00a0<\/p>\t\t\t\t\t\t\t\t<\/div>\n\t\t\t\t<\/div>\n\t\t\t\t\t<\/div>\n\t\t<\/div>\n\t\t\t\t\t<\/div>\n\t\t<\/section>\n\t\t\t\t<\/div>\n\t\t","protected":false},"excerpt":{"rendered":"<p>Rogersoundilta saat kokonaisvaltaiset \u00e4\u00e4nentoisto- ja valaistusratkaisut tapahtumaasi, oli kyseess\u00e4 sitten seminaari, yritystapahtuma, klubikeikka tai ulkoilmakonsertti. Ammattitaitoiset teknikot huolehtivat toteutuksen suunnittelusta, laitteiden asennuksesta ja purkamisesta sek\u00e4 laitteiden k\u00e4yt\u00f6st\u00e4 tilaisuuden aikana. Pyyd\u00e4 tarjous tapahtumatekniikasta: tel.\u00a0050 558 6838, email: myynti@rogersound.fi K\u00e4yt\u00f6ss\u00e4mme on alan tunnetut ja laadukkaat tuotemerkit (dB Technologies, Sennheiser, Shure jne.). Pieniss\u00e4 tilaisuuksissa puhe\u00e4\u00e4nentoistoon riitt\u00e4\u00e4 usein yksikin&hellip;&nbsp;<a href=\"https:\/\/www.rogersound.fi\/?page_id=21\" rel=\"bookmark\">Lue lis\u00e4\u00e4 &raquo;<span class=\"screen-reader-text\">\u00c4\u00e4nentoistopalvelut<\/span><\/a><\/p>\n","protected":false},"author":1,"featured_media":0,"parent":0,"menu_order":0,"comment_status":"closed","ping_status":"closed","template":"","meta":{"neve_meta_sidebar":"","neve_meta_container":"","neve_meta_enable_content_width":"","neve_meta_content_width":0,"neve_meta_title_alignment":"","neve_meta_author_avatar":"","neve_post_elements_order":"","neve_meta_disable_header":"","neve_meta_disable_footer":"","neve_meta_disable_title":"","footnotes":""},"class_list":["post-21","page","type-page","status-publish","hentry"],"yoast_head":"<!-- This site is optimized with the Yoast SEO plugin v26.7 - https:\/\/yoast.com\/wordpress\/plugins\/seo\/ -->\n<title>\u00c4\u00e4nentoistopalvelut - Rogersound<\/title>\n<meta name=\"robots\" content=\"index, follow, max-snippet:-1, max-image-preview:large, max-video-preview:-1\" \/>\n<link rel=\"canonical\" href=\"https:\/\/www.rogersound.fi\/?page_id=21\" \/>\n<meta property=\"og:locale\" content=\"fi_FI\" \/>\n<meta property=\"og:type\" content=\"article\" \/>\n<meta property=\"og:title\" content=\"\u00c4\u00e4nentoistopalvelut - Rogersound\" \/>\n<meta property=\"og:description\" content=\"Rogersoundilta saat kokonaisvaltaiset \u00e4\u00e4nentoisto- ja valaistusratkaisut tapahtumaasi, oli kyseess\u00e4 sitten seminaari, yritystapahtuma, klubikeikka tai ulkoilmakonsertti. Ammattitaitoiset teknikot huolehtivat toteutuksen suunnittelusta, laitteiden asennuksesta ja purkamisesta sek\u00e4 laitteiden k\u00e4yt\u00f6st\u00e4 tilaisuuden aikana. Pyyd\u00e4 tarjous tapahtumatekniikasta: tel.\u00a0050 558 6838, email: myynti@rogersound.fi K\u00e4yt\u00f6ss\u00e4mme on alan tunnetut ja laadukkaat tuotemerkit (dB Technologies, Sennheiser, Shure jne.). Pieniss\u00e4 tilaisuuksissa puhe\u00e4\u00e4nentoistoon riitt\u00e4\u00e4 usein yksikin&hellip;&nbsp;Lue lis\u00e4\u00e4 &raquo;\u00c4\u00e4nentoistopalvelut\" \/>\n<meta property=\"og:url\" content=\"https:\/\/www.rogersound.fi\/?page_id=21\" \/>\n<meta property=\"og:site_name\" content=\"Rogersound\" \/>\n<meta property=\"article:publisher\" content=\"https:\/\/www.facebook.com\/profile.php?id=100063754443642\" \/>\n<meta property=\"article:modified_time\" content=\"2023-07-25T07:23:34+00:00\" \/>\n<meta property=\"og:image\" content=\"http:\/\/www.rogersound.fi\/wp-content\/uploads\/2022\/12\/dB_DVA_K5-300x187.jpg\" \/>\n<meta name=\"twitter:card\" content=\"summary_large_image\" \/>\n<meta name=\"twitter:label1\" content=\"Arvioitu lukuaika\" \/>\n\t<meta name=\"twitter:data1\" content=\"4 minuuttia\" \/>\n<script type=\"application\/ld+json\" class=\"yoast-schema-graph\">{\"@context\":\"https:\/\/schema.org\",\"@graph\":[{\"@type\":\"WebPage\",\"@id\":\"https:\/\/www.rogersound.fi\/?page_id=21\",\"url\":\"https:\/\/www.rogersound.fi\/?page_id=21\",\"name\":\"\u00c4\u00e4nentoistopalvelut - Rogersound\",\"isPartOf\":{\"@id\":\"http:\/\/www.rogersound.fi\/#website\"},\"primaryImageOfPage\":{\"@id\":\"https:\/\/www.rogersound.fi\/?page_id=21#primaryimage\"},\"image\":{\"@id\":\"https:\/\/www.rogersound.fi\/?page_id=21#primaryimage\"},\"thumbnailUrl\":\"http:\/\/www.rogersound.fi\/wp-content\/uploads\/2022\/12\/dB_DVA_K5-300x187.jpg\",\"datePublished\":\"2022-12-30T15:27:39+00:00\",\"dateModified\":\"2023-07-25T07:23:34+00:00\",\"breadcrumb\":{\"@id\":\"https:\/\/www.rogersound.fi\/?page_id=21#breadcrumb\"},\"inLanguage\":\"fi\",\"potentialAction\":[{\"@type\":\"ReadAction\",\"target\":[\"https:\/\/www.rogersound.fi\/?page_id=21\"]}]},{\"@type\":\"ImageObject\",\"inLanguage\":\"fi\",\"@id\":\"https:\/\/www.rogersound.fi\/?page_id=21#primaryimage\",\"url\":\"https:\/\/www.rogersound.fi\/wp-content\/uploads\/2022\/12\/dB_DVA_K5.jpg\",\"contentUrl\":\"https:\/\/www.rogersound.fi\/wp-content\/uploads\/2022\/12\/dB_DVA_K5.jpg\",\"width\":1318,\"height\":820},{\"@type\":\"BreadcrumbList\",\"@id\":\"https:\/\/www.rogersound.fi\/?page_id=21#breadcrumb\",\"itemListElement\":[{\"@type\":\"ListItem\",\"position\":1,\"name\":\"Etusivu\",\"item\":\"http:\/\/www.rogersound.fi\/\"},{\"@type\":\"ListItem\",\"position\":2,\"name\":\"\u00c4\u00e4nentoistopalvelut\"}]},{\"@type\":\"WebSite\",\"@id\":\"http:\/\/www.rogersound.fi\/#website\",\"url\":\"http:\/\/www.rogersound.fi\/\",\"name\":\"Rogersound\",\"description\":\"Ohjelma- ja &auml;&auml;nentoistopalveluita jo vuodesta 2006!\",\"publisher\":{\"@id\":\"http:\/\/www.rogersound.fi\/#organization\"},\"potentialAction\":[{\"@type\":\"SearchAction\",\"target\":{\"@type\":\"EntryPoint\",\"urlTemplate\":\"http:\/\/www.rogersound.fi\/?s={search_term_string}\"},\"query-input\":{\"@type\":\"PropertyValueSpecification\",\"valueRequired\":true,\"valueName\":\"search_term_string\"}}],\"inLanguage\":\"fi\"},{\"@type\":\"Organization\",\"@id\":\"http:\/\/www.rogersound.fi\/#organization\",\"name\":\"Oy Rogersound Ab\",\"url\":\"http:\/\/www.rogersound.fi\/\",\"logo\":{\"@type\":\"ImageObject\",\"inLanguage\":\"fi\",\"@id\":\"http:\/\/www.rogersound.fi\/#\/schema\/logo\/image\/\",\"url\":\"https:\/\/www.rogersound.fi\/wp-content\/uploads\/2022\/12\/cropped-Rogersound_logo.jpg\",\"contentUrl\":\"https:\/\/www.rogersound.fi\/wp-content\/uploads\/2022\/12\/cropped-Rogersound_logo.jpg\",\"width\":210,\"height\":56,\"caption\":\"Oy Rogersound Ab\"},\"image\":{\"@id\":\"http:\/\/www.rogersound.fi\/#\/schema\/logo\/image\/\"},\"sameAs\":[\"https:\/\/www.facebook.com\/profile.php?id=100063754443642\"]}]}<\/script>\n<!-- \/ Yoast SEO plugin. -->","yoast_head_json":{"title":"\u00c4\u00e4nentoistopalvelut - Rogersound","robots":{"index":"index","follow":"follow","max-snippet":"max-snippet:-1","max-image-preview":"max-image-preview:large","max-video-preview":"max-video-preview:-1"},"canonical":"https:\/\/www.rogersound.fi\/?page_id=21","og_locale":"fi_FI","og_type":"article","og_title":"\u00c4\u00e4nentoistopalvelut - Rogersound","og_description":"Rogersoundilta saat kokonaisvaltaiset \u00e4\u00e4nentoisto- ja valaistusratkaisut tapahtumaasi, oli kyseess\u00e4 sitten seminaari, yritystapahtuma, klubikeikka tai ulkoilmakonsertti. Ammattitaitoiset teknikot huolehtivat toteutuksen suunnittelusta, laitteiden asennuksesta ja purkamisesta sek\u00e4 laitteiden k\u00e4yt\u00f6st\u00e4 tilaisuuden aikana. Pyyd\u00e4 tarjous tapahtumatekniikasta: tel.\u00a0050 558 6838, email: myynti@rogersound.fi K\u00e4yt\u00f6ss\u00e4mme on alan tunnetut ja laadukkaat tuotemerkit (dB Technologies, Sennheiser, Shure jne.). Pieniss\u00e4 tilaisuuksissa puhe\u00e4\u00e4nentoistoon riitt\u00e4\u00e4 usein yksikin&hellip;&nbsp;Lue lis\u00e4\u00e4 &raquo;\u00c4\u00e4nentoistopalvelut","og_url":"https:\/\/www.rogersound.fi\/?page_id=21","og_site_name":"Rogersound","article_publisher":"https:\/\/www.facebook.com\/profile.php?id=100063754443642","article_modified_time":"2023-07-25T07:23:34+00:00","og_image":[{"url":"http:\/\/www.rogersound.fi\/wp-content\/uploads\/2022\/12\/dB_DVA_K5-300x187.jpg","type":"","width":"","height":""}],"twitter_card":"summary_large_image","twitter_misc":{"Arvioitu lukuaika":"4 minuuttia"},"schema":{"@context":"https:\/\/schema.org","@graph":[{"@type":"WebPage","@id":"https:\/\/www.rogersound.fi\/?page_id=21","url":"https:\/\/www.rogersound.fi\/?page_id=21","name":"\u00c4\u00e4nentoistopalvelut - Rogersound","isPartOf":{"@id":"http:\/\/www.rogersound.fi\/#website"},"primaryImageOfPage":{"@id":"https:\/\/www.rogersound.fi\/?page_id=21#primaryimage"},"image":{"@id":"https:\/\/www.rogersound.fi\/?page_id=21#primaryimage"},"thumbnailUrl":"http:\/\/www.rogersound.fi\/wp-content\/uploads\/2022\/12\/dB_DVA_K5-300x187.jpg","datePublished":"2022-12-30T15:27:39+00:00","dateModified":"2023-07-25T07:23:34+00:00","breadcrumb":{"@id":"https:\/\/www.rogersound.fi\/?page_id=21#breadcrumb"},"inLanguage":"fi","potentialAction":[{"@type":"ReadAction","target":["https:\/\/www.rogersound.fi\/?page_id=21"]}]},{"@type":"ImageObject","inLanguage":"fi","@id":"https:\/\/www.rogersound.fi\/?page_id=21#primaryimage","url":"https:\/\/www.rogersound.fi\/wp-content\/uploads\/2022\/12\/dB_DVA_K5.jpg","contentUrl":"https:\/\/www.rogersound.fi\/wp-content\/uploads\/2022\/12\/dB_DVA_K5.jpg","width":1318,"height":820},{"@type":"BreadcrumbList","@id":"https:\/\/www.rogersound.fi\/?page_id=21#breadcrumb","itemListElement":[{"@type":"ListItem","position":1,"name":"Etusivu","item":"http:\/\/www.rogersound.fi\/"},{"@type":"ListItem","position":2,"name":"\u00c4\u00e4nentoistopalvelut"}]},{"@type":"WebSite","@id":"http:\/\/www.rogersound.fi\/#website","url":"http:\/\/www.rogersound.fi\/","name":"Rogersound","description":"Ohjelma- ja &auml;&auml;nentoistopalveluita jo vuodesta 2006!","publisher":{"@id":"http:\/\/www.rogersound.fi\/#organization"},"potentialAction":[{"@type":"SearchAction","target":{"@type":"EntryPoint","urlTemplate":"http:\/\/www.rogersound.fi\/?s={search_term_string}"},"query-input":{"@type":"PropertyValueSpecification","valueRequired":true,"valueName":"search_term_string"}}],"inLanguage":"fi"},{"@type":"Organization","@id":"http:\/\/www.rogersound.fi\/#organization","name":"Oy Rogersound Ab","url":"http:\/\/www.rogersound.fi\/","logo":{"@type":"ImageObject","inLanguage":"fi","@id":"http:\/\/www.rogersound.fi\/#\/schema\/logo\/image\/","url":"https:\/\/www.rogersound.fi\/wp-content\/uploads\/2022\/12\/cropped-Rogersound_logo.jpg","contentUrl":"https:\/\/www.rogersound.fi\/wp-content\/uploads\/2022\/12\/cropped-Rogersound_logo.jpg","width":210,"height":56,"caption":"Oy Rogersound Ab"},"image":{"@id":"http:\/\/www.rogersound.fi\/#\/schema\/logo\/image\/"},"sameAs":["https:\/\/www.facebook.com\/profile.php?id=100063754443642"]}]}},"_links":{"self":[{"href":"https:\/\/www.rogersound.fi\/index.php?rest_route=\/wp\/v2\/pages\/21","targetHints":{"allow":["GET"]}}],"collection":[{"href":"https:\/\/www.rogersound.fi\/index.php?rest_route=\/wp\/v2\/pages"}],"about":[{"href":"https:\/\/www.rogersound.fi\/index.php?rest_route=\/wp\/v2\/types\/page"}],"author":[{"embeddable":true,"href":"https:\/\/www.rogersound.fi\/index.php?rest_route=\/wp\/v2\/users\/1"}],"replies":[{"embeddable":true,"href":"https:\/\/www.rogersound.fi\/index.php?rest_route=%2Fwp%2Fv2%2Fcomments&post=21"}],"version-history":[{"count":81,"href":"https:\/\/www.rogersound.fi\/index.php?rest_route=\/wp\/v2\/pages\/21\/revisions"}],"predecessor-version":[{"id":297,"href":"https:\/\/www.rogersound.fi\/index.php?rest_route=\/wp\/v2\/pages\/21\/revisions\/297"}],"wp:attachment":[{"href":"https:\/\/www.rogersound.fi\/index.php?rest_route=%2Fwp%2Fv2%2Fmedia&parent=21"}],"curies":[{"name":"wp","href":"https:\/\/api.w.org\/{rel}","templated":true}]}}