{"id":17,"date":"2022-12-30T15:26:07","date_gmt":"2022-12-30T15:26:07","guid":{"rendered":"https:\/\/www.rogersound.fi\/?page_id=17"},"modified":"2026-01-14T18:29:51","modified_gmt":"2026-01-14T18:29:51","slug":"ohjelmapalvelut","status":"publish","type":"page","link":"https:\/\/www.rogersound.fi\/?page_id=17","title":{"rendered":"Ohjelmapalvelut"},"content":{"rendered":"\t\t<div data-elementor-type=\"wp-page\" data-elementor-id=\"17\" class=\"elementor elementor-17\">\n\t\t\t\t\t\t<section class=\"elementor-section elementor-top-section elementor-element elementor-element-2e72f2e elementor-section-boxed elementor-section-height-default elementor-section-height-default\" data-id=\"2e72f2e\" data-element_type=\"section\">\n\t\t\t\t\t\t<div class=\"elementor-container elementor-column-gap-default\">\n\t\t\t\t\t<div class=\"elementor-column elementor-col-100 elementor-top-column elementor-element elementor-element-4d4fcbc\" data-id=\"4d4fcbc\" data-element_type=\"column\">\n\t\t\t<div class=\"elementor-widget-wrap elementor-element-populated\">\n\t\t\t\t\t\t<div class=\"elementor-element elementor-element-2fbfb34 elementor-widget elementor-widget-text-editor\" data-id=\"2fbfb34\" data-element_type=\"widget\" data-widget_type=\"text-editor.default\">\n\t\t\t\t<div class=\"elementor-widget-container\">\n\t\t\t\t\t\t\t\t\t<p><span style=\"font-weight: 400;\">Yleis\u00f6tapahtumat, h\u00e4\u00e4t, sukukokoukset, syntt\u00e4rit, valmistujaiset, b\u00e4ndikeikat, n\u00e4ytelm\u00e4t kouluissa, uuden tuotteen lanseeraus markkinoille, yritystapahtumat, vaalikampanjat, tanssikilpailut, pikkujoulut, konsertit, urheilukilpailut. Esiintyji\u00e4 tarvitaan kaikkialla, miss\u00e4 tapahtuu!<\/span><\/p><h2>TUOMAS &amp; THE TREBLEMAKERS<\/h2><p><span style=\"font-weight: 400;\"><img fetchpriority=\"high\" decoding=\"async\" class=\"alignnone wp-image-343 size-large\" src=\"http:\/\/www.rogersound.fi\/wp-content\/uploads\/2026\/01\/WhatsApp-Image-2026-01-14-at-17.19.06-819x1024.jpeg\" alt=\"\" width=\"819\" height=\"1024\" srcset=\"https:\/\/www.rogersound.fi\/wp-content\/uploads\/2026\/01\/WhatsApp-Image-2026-01-14-at-17.19.06-819x1024.jpeg 819w, https:\/\/www.rogersound.fi\/wp-content\/uploads\/2026\/01\/WhatsApp-Image-2026-01-14-at-17.19.06-240x300.jpeg 240w, https:\/\/www.rogersound.fi\/wp-content\/uploads\/2026\/01\/WhatsApp-Image-2026-01-14-at-17.19.06-768x960.jpeg 768w, https:\/\/www.rogersound.fi\/wp-content\/uploads\/2026\/01\/WhatsApp-Image-2026-01-14-at-17.19.06.jpeg 1080w\" sizes=\"(max-width: 819px) 100vw, 819px\" \/><\/span><\/p><p><span style=\"font-weight: 400;\">Tuomas &amp; The Treblemakers pistettiin kokoon Korona- syksyn\u00e4 2020. Ja ihan vain sen takia koska j\u00e4senill\u00e4 oli polttava tarve kasata kokoonpano, joka soittaa vain hyv\u00e4\u00e4 beat- pohjaista iskelm\u00e4musiikkia. Pienten alkuihmettelyn j\u00e4lkeen kokoonpano muotoutui soittajista, joilla on vankka menneisyys rytmimusiikin saralla eri kokoonpanoissa.<\/span><\/p><p><span style=\"font-weight: 400;\">Pystysolisti ja tamburiini: Tuomas K\u00e4ns\u00e4kangas<br \/><\/span><span style=\"font-weight: 400;\">Kitara: Mika Rintala<br \/><\/span><span style=\"font-weight: 400;\">Kitara ja taustalaulu: Kimmo Kaunisto<br \/><\/span><span style=\"font-weight: 400;\">Basso ja taustalaulu: Topi Myllykangas<br \/><\/span><span style=\"font-weight: 400;\">Rummut: Timo Tikkam\u00e4ki<\/span><\/p><h2>CELT DIVISION<\/h2><p><img decoding=\"async\" class=\"alignnone wp-image-344 size-large\" src=\"http:\/\/www.rogersound.fi\/wp-content\/uploads\/2026\/01\/WhatsApp-Image-2026-01-14-at-17.19.07-3-1024x625.jpeg\" alt=\"\" width=\"1024\" height=\"625\" srcset=\"https:\/\/www.rogersound.fi\/wp-content\/uploads\/2026\/01\/WhatsApp-Image-2026-01-14-at-17.19.07-3-1024x625.jpeg 1024w, https:\/\/www.rogersound.fi\/wp-content\/uploads\/2026\/01\/WhatsApp-Image-2026-01-14-at-17.19.07-3-300x183.jpeg 300w, https:\/\/www.rogersound.fi\/wp-content\/uploads\/2026\/01\/WhatsApp-Image-2026-01-14-at-17.19.07-3-768x469.jpeg 768w, https:\/\/www.rogersound.fi\/wp-content\/uploads\/2026\/01\/WhatsApp-Image-2026-01-14-at-17.19.07-3-1536x938.jpeg 1536w, https:\/\/www.rogersound.fi\/wp-content\/uploads\/2026\/01\/WhatsApp-Image-2026-01-14-at-17.19.07-3.jpeg 1920w\" sizes=\"(max-width: 1024px) 100vw, 1024px\" \/><\/p><p><span style=\"font-weight: 400;\">Celt Division tulkitsee irkkumusiikin uusia ja vanhoja klassikoita pop&amp;rock- ja kelttipunkin mausteilla joka makuun. Tarjoilemme muun muassa vauhdikasta, tanssijalkaa puhuttelevaa poljentoa sek\u00e4 riipiv\u00e4n sielukkaita irkkuballadeja. Yhtyeen karismaattinen laulusolisti Gary Timm muutti l\u00e4ntiseen Suomeen Amerikan mantereelta, mutta sukujuuria l\u00f6ytyy my\u00f6s Irlannin l\u00e4nsirannikolta, Galwaysta.<\/span><\/p><p><span style=\"font-weight: 400;\">Yhtyeen muusikoista suurella osalla on monipuolisesti kokemusta juurimusiikin b\u00e4ndeiss\u00e4 eri vivahtein. Alttoviulisti Airi Salmelan tausta on klassisen laulu- ja soitinmusiikin puolella, nyt b\u00e4ndisoiton riemu on vienyt syd\u00e4men. Yhtyeen soivan ytimen muodostavat h\u00e4nen lis\u00e4kseen mandoliinin ja stemmalaulun taituri Kimmo Kaunisto, tyylikk\u00e4\u00e4n kitaroinnin hallitseva Toni Rukkila sek\u00e4 rytmiikan ehtym\u00e4t\u00f6n ideapankki Timo Tikkam\u00e4ki.<\/span><\/p><h2>LENHEETI<\/h2><p><img decoding=\"async\" class=\"wp-image-310 alignnone\" src=\"http:\/\/www.rogersound.fi\/wp-content\/uploads\/2023\/11\/IMG-20231121-WA0004-1-1024x576.jpg\" alt=\"\" width=\"960\" height=\"540\" srcset=\"https:\/\/www.rogersound.fi\/wp-content\/uploads\/2023\/11\/IMG-20231121-WA0004-1-1024x576.jpg 1024w, https:\/\/www.rogersound.fi\/wp-content\/uploads\/2023\/11\/IMG-20231121-WA0004-1-300x169.jpg 300w, https:\/\/www.rogersound.fi\/wp-content\/uploads\/2023\/11\/IMG-20231121-WA0004-1-768x432.jpg 768w, https:\/\/www.rogersound.fi\/wp-content\/uploads\/2023\/11\/IMG-20231121-WA0004-1-1536x864.jpg 1536w, https:\/\/www.rogersound.fi\/wp-content\/uploads\/2023\/11\/IMG-20231121-WA0004-1.jpg 1600w\" sizes=\"(max-width: 960px) 100vw, 960px\" \/><\/p><p>Lenheeti on akustinen kokoonpano, joka soittaa musiikillisia tunnelmapaloja omin sovituksin suomalaisilta artisteilta ja yhtyeilt\u00e4. N\u00e4iden lis\u00e4ksi settilistan joukossa saattaa kuulua toisinaan my\u00f6s kokoonpanon laulajan omiakin tekeleit\u00e4.<br \/>Lenheeti on oiva musiikillinen tunnelmanluoja erilaisiin tapahtumiin ja tilaisuuksiin.<\/p><p>Kokoonpano sai alkunsa kev\u00e4\u00e4ll\u00e4 2023, kun kitaristina ja taustalaulajana toimiva Kimmo Kaunisto pohti, ett\u00e4 olisi tarve kokoonpanolle joka soittaa vain hyvi\u00e4 biisej\u00e4. Nopeasti mukaan tiens\u00e4 l\u00f6ysi laulajana toimiva Kirsi M\u00e4ntysaari ja pianovirtuoosina ja taustalaulajana toimiva Noora Kykyri. Kaikilla kokoonpanon j\u00e4senill\u00e4 on vuosien kokemus musiikin parissa.<\/p><p>Nimi Lenheeti juontaa juurensa Keski-Pohjanmaan murresanasta, joka kokoonpanon esitt\u00e4m\u00e4n musiikin lailla tarkoittaa hyv\u00e4\u00e4 mielt\u00e4\u00a0ja\u00a0rentoa\u00a0oloa.<\/p><h2>TIMANTTINEN DUO<\/h2><p><img loading=\"lazy\" decoding=\"async\" class=\"alignnone wp-image-339 size-large\" src=\"http:\/\/www.rogersound.fi\/wp-content\/uploads\/2026\/01\/WhatsApp-Image-2026-01-14-at-17.19.07-2-945x1024.jpeg\" alt=\"\" width=\"945\" height=\"1024\" srcset=\"https:\/\/www.rogersound.fi\/wp-content\/uploads\/2026\/01\/WhatsApp-Image-2026-01-14-at-17.19.07-2-945x1024.jpeg 945w, https:\/\/www.rogersound.fi\/wp-content\/uploads\/2026\/01\/WhatsApp-Image-2026-01-14-at-17.19.07-2-277x300.jpeg 277w, https:\/\/www.rogersound.fi\/wp-content\/uploads\/2026\/01\/WhatsApp-Image-2026-01-14-at-17.19.07-2-768x833.jpeg 768w, https:\/\/www.rogersound.fi\/wp-content\/uploads\/2026\/01\/WhatsApp-Image-2026-01-14-at-17.19.07-2.jpeg 1131w\" sizes=\"(max-width: 945px) 100vw, 945px\" \/><\/p><p><span style=\"font-weight: 400;\">T\u00e4m\u00e4 on se akustinen b\u00e4ndi joka keikoillaan esitt\u00e4\u00e4kin ei niit\u00e4 kaikkein kuluneimpia renkutuksia. Ohjelmistosta l\u00f6ytyykin monen yhden hitin ihmeen aikaansaannoksia ja muitakin unohdettuja helmi\u00e4. Duossa operoivat Jarkko Penttinen, laulu ja kitara sek\u00e4 Kimmo Kaunisto, kitara, laulu ynn\u00e4 hevosenpotku.<\/span><\/p><h2>CHEAPER CHILLS<\/h2><p><img loading=\"lazy\" decoding=\"async\" class=\"alignnone wp-image-335 size-large\" src=\"http:\/\/www.rogersound.fi\/wp-content\/uploads\/2026\/01\/WhatsApp-Image-2026-01-14-at-17.19.07-1-1024x1024.jpeg\" alt=\"\" width=\"1024\" height=\"1024\" srcset=\"https:\/\/www.rogersound.fi\/wp-content\/uploads\/2026\/01\/WhatsApp-Image-2026-01-14-at-17.19.07-1-1024x1024.jpeg 1024w, https:\/\/www.rogersound.fi\/wp-content\/uploads\/2026\/01\/WhatsApp-Image-2026-01-14-at-17.19.07-1-300x300.jpeg 300w, https:\/\/www.rogersound.fi\/wp-content\/uploads\/2026\/01\/WhatsApp-Image-2026-01-14-at-17.19.07-1-150x150.jpeg 150w, https:\/\/www.rogersound.fi\/wp-content\/uploads\/2026\/01\/WhatsApp-Image-2026-01-14-at-17.19.07-1-768x768.jpeg 768w, https:\/\/www.rogersound.fi\/wp-content\/uploads\/2026\/01\/WhatsApp-Image-2026-01-14-at-17.19.07-1-1536x1536.jpeg 1536w, https:\/\/www.rogersound.fi\/wp-content\/uploads\/2026\/01\/WhatsApp-Image-2026-01-14-at-17.19.07-1.jpeg 1920w\" sizes=\"(max-width: 1024px) 100vw, 1024px\" \/><\/p><p>Cheaper Chills on kokoonpano, joka vastaa siihen huutoon kun halutaan kuulla laajalla kirjolla hienoja kappaleita sek\u00e4 suomeksi, ett\u00e4 lontooksi!\ud83c\uddeb\ud83c\uddee\ud83c\uddec\ud83c\udde7<\/p><p>Hannu Karppinen, laulu ja kitara<br \/>Kimmo Kaunisto, kitara ja laulu<\/p>\t\t\t\t\t\t\t\t<\/div>\n\t\t\t\t<\/div>\n\t\t\t\t\t<\/div>\n\t\t<\/div>\n\t\t\t\t\t<\/div>\n\t\t<\/section>\n\t\t\t\t<section class=\"elementor-section elementor-top-section elementor-element elementor-element-fab366a elementor-section-boxed elementor-section-height-default elementor-section-height-default\" data-id=\"fab366a\" data-element_type=\"section\">\n\t\t\t\t\t\t<div class=\"elementor-container elementor-column-gap-default\">\n\t\t\t\t\t<div class=\"elementor-column elementor-col-100 elementor-top-column elementor-element elementor-element-b55a5d5\" data-id=\"b55a5d5\" data-element_type=\"column\">\n\t\t\t<div class=\"elementor-widget-wrap\">\n\t\t\t\t\t\t\t<\/div>\n\t\t<\/div>\n\t\t\t\t\t<\/div>\n\t\t<\/section>\n\t\t\t\t<\/div>\n\t\t","protected":false},"excerpt":{"rendered":"<p>Yleis\u00f6tapahtumat, h\u00e4\u00e4t, sukukokoukset, syntt\u00e4rit, valmistujaiset, b\u00e4ndikeikat, n\u00e4ytelm\u00e4t kouluissa, uuden tuotteen lanseeraus markkinoille, yritystapahtumat, vaalikampanjat, tanssikilpailut, pikkujoulut, konsertit, urheilukilpailut. Esiintyji\u00e4 tarvitaan kaikkialla, miss\u00e4 tapahtuu! TUOMAS &amp; THE TREBLEMAKERS Tuomas &amp; The Treblemakers pistettiin kokoon Korona- syksyn\u00e4 2020. Ja ihan vain sen takia koska j\u00e4senill\u00e4 oli polttava tarve kasata kokoonpano, joka soittaa vain hyv\u00e4\u00e4 beat- pohjaista iskelm\u00e4musiikkia.&hellip;&nbsp;<a href=\"https:\/\/www.rogersound.fi\/?page_id=17\" rel=\"bookmark\">Lue lis\u00e4\u00e4 &raquo;<span class=\"screen-reader-text\">Ohjelmapalvelut<\/span><\/a><\/p>\n","protected":false},"author":1,"featured_media":0,"parent":0,"menu_order":0,"comment_status":"closed","ping_status":"closed","template":"","meta":{"neve_meta_sidebar":"","neve_meta_container":"","neve_meta_enable_content_width":"","neve_meta_content_width":0,"neve_meta_title_alignment":"","neve_meta_author_avatar":"","neve_post_elements_order":"","neve_meta_disable_header":"","neve_meta_disable_footer":"","neve_meta_disable_title":"","footnotes":""},"class_list":["post-17","page","type-page","status-publish","hentry"],"yoast_head":"<!-- This site is optimized with the Yoast SEO plugin v26.7 - https:\/\/yoast.com\/wordpress\/plugins\/seo\/ -->\n<title>Ohjelmapalvelut - Rogersound<\/title>\n<meta name=\"robots\" content=\"index, follow, max-snippet:-1, max-image-preview:large, max-video-preview:-1\" \/>\n<link rel=\"canonical\" href=\"https:\/\/www.rogersound.fi\/?page_id=17\" \/>\n<meta property=\"og:locale\" content=\"fi_FI\" \/>\n<meta property=\"og:type\" content=\"article\" \/>\n<meta property=\"og:title\" content=\"Ohjelmapalvelut - Rogersound\" \/>\n<meta property=\"og:description\" content=\"Yleis\u00f6tapahtumat, h\u00e4\u00e4t, sukukokoukset, syntt\u00e4rit, valmistujaiset, b\u00e4ndikeikat, n\u00e4ytelm\u00e4t kouluissa, uuden tuotteen lanseeraus markkinoille, yritystapahtumat, vaalikampanjat, tanssikilpailut, pikkujoulut, konsertit, urheilukilpailut. Esiintyji\u00e4 tarvitaan kaikkialla, miss\u00e4 tapahtuu! TUOMAS &amp; THE TREBLEMAKERS Tuomas &amp; The Treblemakers pistettiin kokoon Korona- syksyn\u00e4 2020. Ja ihan vain sen takia koska j\u00e4senill\u00e4 oli polttava tarve kasata kokoonpano, joka soittaa vain hyv\u00e4\u00e4 beat- pohjaista iskelm\u00e4musiikkia.&hellip;&nbsp;Lue lis\u00e4\u00e4 &raquo;Ohjelmapalvelut\" \/>\n<meta property=\"og:url\" content=\"https:\/\/www.rogersound.fi\/?page_id=17\" \/>\n<meta property=\"og:site_name\" content=\"Rogersound\" \/>\n<meta property=\"article:publisher\" content=\"https:\/\/www.facebook.com\/profile.php?id=100063754443642\" \/>\n<meta property=\"article:modified_time\" content=\"2026-01-14T18:29:51+00:00\" \/>\n<meta property=\"og:image\" content=\"http:\/\/www.rogersound.fi\/wp-content\/uploads\/2026\/01\/WhatsApp-Image-2026-01-14-at-17.19.06-819x1024.jpeg\" \/>\n<meta name=\"twitter:card\" content=\"summary_large_image\" \/>\n<meta name=\"twitter:label1\" content=\"Arvioitu lukuaika\" \/>\n\t<meta name=\"twitter:data1\" content=\"4 minuuttia\" \/>\n<script type=\"application\/ld+json\" class=\"yoast-schema-graph\">{\"@context\":\"https:\/\/schema.org\",\"@graph\":[{\"@type\":\"WebPage\",\"@id\":\"https:\/\/www.rogersound.fi\/?page_id=17\",\"url\":\"https:\/\/www.rogersound.fi\/?page_id=17\",\"name\":\"Ohjelmapalvelut - Rogersound\",\"isPartOf\":{\"@id\":\"http:\/\/www.rogersound.fi\/#website\"},\"primaryImageOfPage\":{\"@id\":\"https:\/\/www.rogersound.fi\/?page_id=17#primaryimage\"},\"image\":{\"@id\":\"https:\/\/www.rogersound.fi\/?page_id=17#primaryimage\"},\"thumbnailUrl\":\"http:\/\/www.rogersound.fi\/wp-content\/uploads\/2026\/01\/WhatsApp-Image-2026-01-14-at-17.19.06-819x1024.jpeg\",\"datePublished\":\"2022-12-30T15:26:07+00:00\",\"dateModified\":\"2026-01-14T18:29:51+00:00\",\"breadcrumb\":{\"@id\":\"https:\/\/www.rogersound.fi\/?page_id=17#breadcrumb\"},\"inLanguage\":\"fi\",\"potentialAction\":[{\"@type\":\"ReadAction\",\"target\":[\"https:\/\/www.rogersound.fi\/?page_id=17\"]}]},{\"@type\":\"ImageObject\",\"inLanguage\":\"fi\",\"@id\":\"https:\/\/www.rogersound.fi\/?page_id=17#primaryimage\",\"url\":\"https:\/\/www.rogersound.fi\/wp-content\/uploads\/2026\/01\/WhatsApp-Image-2026-01-14-at-17.19.06.jpeg\",\"contentUrl\":\"https:\/\/www.rogersound.fi\/wp-content\/uploads\/2026\/01\/WhatsApp-Image-2026-01-14-at-17.19.06.jpeg\",\"width\":1080,\"height\":1350},{\"@type\":\"BreadcrumbList\",\"@id\":\"https:\/\/www.rogersound.fi\/?page_id=17#breadcrumb\",\"itemListElement\":[{\"@type\":\"ListItem\",\"position\":1,\"name\":\"Etusivu\",\"item\":\"http:\/\/www.rogersound.fi\/\"},{\"@type\":\"ListItem\",\"position\":2,\"name\":\"Ohjelmapalvelut\"}]},{\"@type\":\"WebSite\",\"@id\":\"http:\/\/www.rogersound.fi\/#website\",\"url\":\"http:\/\/www.rogersound.fi\/\",\"name\":\"Rogersound\",\"description\":\"Ohjelma- ja &auml;&auml;nentoistopalveluita jo vuodesta 2006!\",\"publisher\":{\"@id\":\"http:\/\/www.rogersound.fi\/#organization\"},\"potentialAction\":[{\"@type\":\"SearchAction\",\"target\":{\"@type\":\"EntryPoint\",\"urlTemplate\":\"http:\/\/www.rogersound.fi\/?s={search_term_string}\"},\"query-input\":{\"@type\":\"PropertyValueSpecification\",\"valueRequired\":true,\"valueName\":\"search_term_string\"}}],\"inLanguage\":\"fi\"},{\"@type\":\"Organization\",\"@id\":\"http:\/\/www.rogersound.fi\/#organization\",\"name\":\"Oy Rogersound Ab\",\"url\":\"http:\/\/www.rogersound.fi\/\",\"logo\":{\"@type\":\"ImageObject\",\"inLanguage\":\"fi\",\"@id\":\"http:\/\/www.rogersound.fi\/#\/schema\/logo\/image\/\",\"url\":\"https:\/\/www.rogersound.fi\/wp-content\/uploads\/2022\/12\/cropped-Rogersound_logo.jpg\",\"contentUrl\":\"https:\/\/www.rogersound.fi\/wp-content\/uploads\/2022\/12\/cropped-Rogersound_logo.jpg\",\"width\":210,\"height\":56,\"caption\":\"Oy Rogersound Ab\"},\"image\":{\"@id\":\"http:\/\/www.rogersound.fi\/#\/schema\/logo\/image\/\"},\"sameAs\":[\"https:\/\/www.facebook.com\/profile.php?id=100063754443642\"]}]}<\/script>\n<!-- \/ Yoast SEO plugin. -->","yoast_head_json":{"title":"Ohjelmapalvelut - Rogersound","robots":{"index":"index","follow":"follow","max-snippet":"max-snippet:-1","max-image-preview":"max-image-preview:large","max-video-preview":"max-video-preview:-1"},"canonical":"https:\/\/www.rogersound.fi\/?page_id=17","og_locale":"fi_FI","og_type":"article","og_title":"Ohjelmapalvelut - Rogersound","og_description":"Yleis\u00f6tapahtumat, h\u00e4\u00e4t, sukukokoukset, syntt\u00e4rit, valmistujaiset, b\u00e4ndikeikat, n\u00e4ytelm\u00e4t kouluissa, uuden tuotteen lanseeraus markkinoille, yritystapahtumat, vaalikampanjat, tanssikilpailut, pikkujoulut, konsertit, urheilukilpailut. Esiintyji\u00e4 tarvitaan kaikkialla, miss\u00e4 tapahtuu! TUOMAS &amp; THE TREBLEMAKERS Tuomas &amp; The Treblemakers pistettiin kokoon Korona- syksyn\u00e4 2020. Ja ihan vain sen takia koska j\u00e4senill\u00e4 oli polttava tarve kasata kokoonpano, joka soittaa vain hyv\u00e4\u00e4 beat- pohjaista iskelm\u00e4musiikkia.&hellip;&nbsp;Lue lis\u00e4\u00e4 &raquo;Ohjelmapalvelut","og_url":"https:\/\/www.rogersound.fi\/?page_id=17","og_site_name":"Rogersound","article_publisher":"https:\/\/www.facebook.com\/profile.php?id=100063754443642","article_modified_time":"2026-01-14T18:29:51+00:00","og_image":[{"url":"http:\/\/www.rogersound.fi\/wp-content\/uploads\/2026\/01\/WhatsApp-Image-2026-01-14-at-17.19.06-819x1024.jpeg","type":"","width":"","height":""}],"twitter_card":"summary_large_image","twitter_misc":{"Arvioitu lukuaika":"4 minuuttia"},"schema":{"@context":"https:\/\/schema.org","@graph":[{"@type":"WebPage","@id":"https:\/\/www.rogersound.fi\/?page_id=17","url":"https:\/\/www.rogersound.fi\/?page_id=17","name":"Ohjelmapalvelut - Rogersound","isPartOf":{"@id":"http:\/\/www.rogersound.fi\/#website"},"primaryImageOfPage":{"@id":"https:\/\/www.rogersound.fi\/?page_id=17#primaryimage"},"image":{"@id":"https:\/\/www.rogersound.fi\/?page_id=17#primaryimage"},"thumbnailUrl":"http:\/\/www.rogersound.fi\/wp-content\/uploads\/2026\/01\/WhatsApp-Image-2026-01-14-at-17.19.06-819x1024.jpeg","datePublished":"2022-12-30T15:26:07+00:00","dateModified":"2026-01-14T18:29:51+00:00","breadcrumb":{"@id":"https:\/\/www.rogersound.fi\/?page_id=17#breadcrumb"},"inLanguage":"fi","potentialAction":[{"@type":"ReadAction","target":["https:\/\/www.rogersound.fi\/?page_id=17"]}]},{"@type":"ImageObject","inLanguage":"fi","@id":"https:\/\/www.rogersound.fi\/?page_id=17#primaryimage","url":"https:\/\/www.rogersound.fi\/wp-content\/uploads\/2026\/01\/WhatsApp-Image-2026-01-14-at-17.19.06.jpeg","contentUrl":"https:\/\/www.rogersound.fi\/wp-content\/uploads\/2026\/01\/WhatsApp-Image-2026-01-14-at-17.19.06.jpeg","width":1080,"height":1350},{"@type":"BreadcrumbList","@id":"https:\/\/www.rogersound.fi\/?page_id=17#breadcrumb","itemListElement":[{"@type":"ListItem","position":1,"name":"Etusivu","item":"http:\/\/www.rogersound.fi\/"},{"@type":"ListItem","position":2,"name":"Ohjelmapalvelut"}]},{"@type":"WebSite","@id":"http:\/\/www.rogersound.fi\/#website","url":"http:\/\/www.rogersound.fi\/","name":"Rogersound","description":"Ohjelma- ja &auml;&auml;nentoistopalveluita jo vuodesta 2006!","publisher":{"@id":"http:\/\/www.rogersound.fi\/#organization"},"potentialAction":[{"@type":"SearchAction","target":{"@type":"EntryPoint","urlTemplate":"http:\/\/www.rogersound.fi\/?s={search_term_string}"},"query-input":{"@type":"PropertyValueSpecification","valueRequired":true,"valueName":"search_term_string"}}],"inLanguage":"fi"},{"@type":"Organization","@id":"http:\/\/www.rogersound.fi\/#organization","name":"Oy Rogersound Ab","url":"http:\/\/www.rogersound.fi\/","logo":{"@type":"ImageObject","inLanguage":"fi","@id":"http:\/\/www.rogersound.fi\/#\/schema\/logo\/image\/","url":"https:\/\/www.rogersound.fi\/wp-content\/uploads\/2022\/12\/cropped-Rogersound_logo.jpg","contentUrl":"https:\/\/www.rogersound.fi\/wp-content\/uploads\/2022\/12\/cropped-Rogersound_logo.jpg","width":210,"height":56,"caption":"Oy Rogersound Ab"},"image":{"@id":"http:\/\/www.rogersound.fi\/#\/schema\/logo\/image\/"},"sameAs":["https:\/\/www.facebook.com\/profile.php?id=100063754443642"]}]}},"_links":{"self":[{"href":"https:\/\/www.rogersound.fi\/index.php?rest_route=\/wp\/v2\/pages\/17","targetHints":{"allow":["GET"]}}],"collection":[{"href":"https:\/\/www.rogersound.fi\/index.php?rest_route=\/wp\/v2\/pages"}],"about":[{"href":"https:\/\/www.rogersound.fi\/index.php?rest_route=\/wp\/v2\/types\/page"}],"author":[{"embeddable":true,"href":"https:\/\/www.rogersound.fi\/index.php?rest_route=\/wp\/v2\/users\/1"}],"replies":[{"embeddable":true,"href":"https:\/\/www.rogersound.fi\/index.php?rest_route=%2Fwp%2Fv2%2Fcomments&post=17"}],"version-history":[{"count":73,"href":"https:\/\/www.rogersound.fi\/index.php?rest_route=\/wp\/v2\/pages\/17\/revisions"}],"predecessor-version":[{"id":353,"href":"https:\/\/www.rogersound.fi\/index.php?rest_route=\/wp\/v2\/pages\/17\/revisions\/353"}],"wp:attachment":[{"href":"https:\/\/www.rogersound.fi\/index.php?rest_route=%2Fwp%2Fv2%2Fmedia&parent=17"}],"curies":[{"name":"wp","href":"https:\/\/api.w.org\/{rel}","templated":true}]}}